{"id":595,"date":"2021-04-25T20:20:32","date_gmt":"2021-04-25T20:20:32","guid":{"rendered":"https:\/\/www.4kservices.ro\/en\/?page_id=595"},"modified":"2021-08-11T19:41:37","modified_gmt":"2021-08-11T19:41:37","slug":"zotefoams-plastazote","status":"publish","type":"page","link":"https:\/\/www.4kservices.ro\/en\/?page_id=595","title":{"rendered":"Zotefoams &#8211; Plastazote\u00ae"},"content":{"rendered":"\n<div class=\"wp-block-image\"><figure class=\"alignleft size-large is-resized\"><img loading=\"lazy\" src=\"https:\/\/www.4kservices.ro\/en\/wp-content\/uploads\/2021\/04\/zotefoams-banner-1-1024x337.jpg\" alt=\"\" class=\"wp-image-611\" width=\"1066\" height=\"350\" srcset=\"https:\/\/www.4kservices.ro\/en\/wp-content\/uploads\/2021\/04\/zotefoams-banner-1-1024x337.jpg 1024w, https:\/\/www.4kservices.ro\/en\/wp-content\/uploads\/2021\/04\/zotefoams-banner-1-300x99.jpg 300w, https:\/\/www.4kservices.ro\/en\/wp-content\/uploads\/2021\/04\/zotefoams-banner-1-768x253.jpg 768w, https:\/\/www.4kservices.ro\/en\/wp-content\/uploads\/2021\/04\/zotefoams-banner-1-1536x506.jpg 1536w, https:\/\/www.4kservices.ro\/en\/wp-content\/uploads\/2021\/04\/zotefoams-banner-1.jpg 1703w\" sizes=\"(max-width: 1066px) 100vw, 1066px\" \/><\/figure><\/div>\n\n\n\n<h3>Zotefoams<\/h3>\n\n\n\n<p>4K Services este unic importator \u0219i distribuitor al produselor Plastazote\u00ae de la Zotefoams \u00een Rom\u00e2nia. Zotefoams este unul din primii produc\u0103tori de materiale celulare, cu o istorie de peste 100 de ani \u0219i unul dintre cei mai mari produc\u0103tori, la nivel mondial, de spume u\u0219oare, reticulate, din poliolefine. <\/p>\n\n\n\n<p>Produsele \u0219i tehnologia Zotefoams se bazeaz\u0103 pe procese unice, prietenoase cu mediul \u00eenconjur\u0103tor. Zotefoams produce o gam\u0103 larg\u0103 de spume u\u0219oare, reticulate, folosind varia\u021bii ale unui proces unic de expansiune a azotului. Acest lucru ofer\u0103 o combina\u021bie exclusiv\u0103 de caracteristici benefice &#8211; uniformitate, puritate, toxicitate sc\u0103zut\u0103 \u0219i durabilitate &#8211; care diferen\u021biaz\u0103 materialele Zotefoams de toate celelalte spume.<\/p>\n\n\n\n<p>Structura celular\u0103 unic\u0103 \u0219i uniform\u0103 a materialelor fac produsele Zotefoams o component\u0103 critic\u0103 \u00eentr-o lume a aplica\u021biilor de zi cu zi.<\/p>\n\n\n\n<h3>Plastazote\u00ae<\/h3>\n\n\n\n<p>Fabricate dintr-o gam\u0103 larg\u0103 de polimeri, spumele Zotefomes Plastazote\u00ae ofer\u0103 rigiditate crescut\u0103, rezisten\u021b\u0103 \u00eembun\u0103t\u0103\u021bit\u0103 la temperatur\u0103 \u0219i o formare \u00eembun\u0103t\u0103\u021bit\u0103. Spumele Plastazote\u00ae sunt proiectate pentru a oferi performan\u021be superioare \u0219i o greutate mai mic\u0103. Lipsa oric\u0103ror agen\u021bi chimici \u00een spum\u0103 \u0219i o consisten\u021b\u0103 a structurii \u0219i densit\u0103\u021bii celulelor permite Zotefoams s\u0103 ofere cele mai u\u0219oare spume reticulate din lume.<\/p>\n\n\n\n<h4>Spumele Plastazote\u00ae sunt disponibile \u00een:<\/h4>\n\n\n\n<ul><li>o gam\u0103 de densit\u0103\u021bi de la 15 kg \/ m3 la 115 kg \/ m3<\/li><li>o varietate de culori atractive<\/li><li>calit\u0103\u021bi de metalocen pentru un comportament mai u\u0219or de termocompresie<\/li><li>calit\u0103\u021bi speciale cu propriet\u0103\u021bi crescute de ignifugare \u0219i \/ sau caracteristici conductive sau statice-disipative<\/li><\/ul>\n\n\n\n<h4>Spumele Plastazote\u00ae sunt utilizate \u00eentr-o varietate de domenii \u0219i industrii:<\/h4>\n\n\n\n<div class=\"wp-block-image\"><figure class=\"alignleft size-large is-resized\"><img loading=\"lazy\" src=\"https:\/\/www.4kservices.ro\/en\/wp-content\/uploads\/2021\/04\/Protectia-produsului-1.png\" alt=\"\" class=\"wp-image-618\" width=\"974\" height=\"97\" srcset=\"https:\/\/www.4kservices.ro\/en\/wp-content\/uploads\/2021\/04\/Protectia-produsului-1.png 1000w, https:\/\/www.4kservices.ro\/en\/wp-content\/uploads\/2021\/04\/Protectia-produsului-1-300x30.png 300w, https:\/\/www.4kservices.ro\/en\/wp-content\/uploads\/2021\/04\/Protectia-produsului-1-768x77.png 768w\" sizes=\"(max-width: 974px) 100vw, 974px\" \/><\/figure><\/div>\n\n\n\n<p><\/p>\n\n\n\n<p>Spumele <strong>Plastazote\u00ae<\/strong> ofer\u0103 o protec\u021bie remarcabil\u0103 \u00eempotriva zg\u00e2rieturilor, la impact, pentru o varietate de ambalaje returnabile, de la inser\u021bii complete pentru cutie, cutie \u0219i tav\u0103, p\u00e2n\u0103 la fixare individual\u0103 \u0219i corpuri compozite, \u00een care spuma este utilizat\u0103 selectiv ca tampoane individuale sau ca strat laminat \u201esoft touch\u201d format sub vid. Durabilitatea lor remarcabil\u0103 le face o alegere ideal\u0103 pentru solu\u021biile de ambalare returnabile \u00eentr-o industrie care caut\u0103 \u00een mod activ un mediu f\u0103r\u0103 de\u0219euri provinite din ambalaje.<\/p>\n\n\n\n<div class=\"wp-block-image\"><figure class=\"alignleft size-large is-resized\"><img loading=\"lazy\" src=\"https:\/\/www.4kservices.ro\/en\/wp-content\/uploads\/2021\/04\/Automotive.png\" alt=\"\" class=\"wp-image-619\" width=\"971\" height=\"98\" srcset=\"https:\/\/www.4kservices.ro\/en\/wp-content\/uploads\/2021\/04\/Automotive.png 1000w, https:\/\/www.4kservices.ro\/en\/wp-content\/uploads\/2021\/04\/Automotive-300x30.png 300w, https:\/\/www.4kservices.ro\/en\/wp-content\/uploads\/2021\/04\/Automotive-768x77.png 768w\" sizes=\"(max-width: 971px) 100vw, 971px\" \/><\/figure><\/div>\n\n\n\n<p><strong>Zotefoams <\/strong>este un furnizor important de spum\u0103 cu celule \u00eenchise, materiale de amortizare, etan\u0219are \u0219i izolare pentru industria produc\u0103toare de automobile. Folosit \u00een principal pentru a rezolva etan\u0219area, natura u\u0219oar\u0103 a acestor spume contribuie semnificativ la o greutate redus\u0103 a vehiculului dar \u0219i la economia de combustibil. Au o rezisten\u021b\u0103 ridicat\u0103 la multe substan\u021be chimice, inclusiv gr\u0103simi, lichide de fr\u00e2n\u0103 \u0219i lichide de r\u0103cire. Fiind compuse din celule \u00eenchise, practic nu au absorb\u021bie de ap\u0103 \u0219i transmit foarte pu\u021bin vapori de ap\u0103.<\/p>\n\n\n\n<div class=\"wp-block-image\"><figure class=\"alignleft size-large is-resized\"><img loading=\"lazy\" src=\"https:\/\/www.4kservices.ro\/en\/wp-content\/uploads\/2021\/04\/Aerospatial.png\" alt=\"\" class=\"wp-image-622\" width=\"972\" height=\"97\" srcset=\"https:\/\/www.4kservices.ro\/en\/wp-content\/uploads\/2021\/04\/Aerospatial.png 1000w, https:\/\/www.4kservices.ro\/en\/wp-content\/uploads\/2021\/04\/Aerospatial-300x30.png 300w, https:\/\/www.4kservices.ro\/en\/wp-content\/uploads\/2021\/04\/Aerospatial-768x77.png 768w\" sizes=\"(max-width: 972px) 100vw, 972px\" \/><\/figure><\/div>\n\n\n\n<p><\/p>\n\n\n\n<p>Materialele celulare unice <strong><strong>Plastazote\u00ae<\/strong><\/strong> ofer\u0103 o gam\u0103 larg\u0103 de propriet\u0103\u021bi \u0219i posibilit\u0103\u021bi inginerilor de proiectare aerospa\u021bial\u0103. Polimerii specializa\u021bi \u00een inginerie sunt spuma\u021bi pentru a \u00eendeplini standardele exigente cerute de industria aeronautic\u0103 \u0219i aerospa\u021bial\u0103 pentru o varietate de aplica\u021bii.<\/p>\n\n\n\n<p><strong>Aplica\u021biile interioare<\/strong> includ scaunele de aeronave, izola\u021bia, etan\u0219\u0103rile, conductele, mijloacele de flotabilitate \u0219i ambalarea.<\/p>\n\n\n\n<p><strong>Aplica\u021biile spa\u021biale<\/strong> includ ambalarea pentru capsulele navetei spa\u021biale.<\/p>\n\n\n\n<p>Gama cuprinde calit\u0103\u021bi pentru aplica\u021bii de ni\u0219\u0103, de exemplu, materiale disipative statice pentru electronice sensibile p\u00e2n\u0103 la materiale de uz general pentru utilizare \u00een etan\u0219\u0103ri, inser\u021bii pentru cutii de instrumente \u0219i ajutoare pentru flotabilitate.<\/p>\n\n\n\n<div class=\"wp-block-image\"><figure class=\"alignleft size-large\"><img loading=\"lazy\" width=\"1000\" height=\"100\" src=\"https:\/\/www.4kservices.ro\/en\/wp-content\/uploads\/2021\/04\/Electronice.png\" alt=\"\" class=\"wp-image-627\" srcset=\"https:\/\/www.4kservices.ro\/en\/wp-content\/uploads\/2021\/04\/Electronice.png 1000w, https:\/\/www.4kservices.ro\/en\/wp-content\/uploads\/2021\/04\/Electronice-300x30.png 300w, https:\/\/www.4kservices.ro\/en\/wp-content\/uploads\/2021\/04\/Electronice-768x77.png 768w\" sizes=\"(max-width: 1000px) 100vw, 1000px\" \/><\/figure><\/div>\n\n\n\n<p><strong>Zotefoams <\/strong>produce o gam\u0103 de spume de \u00eenalt\u0103 performan\u021b\u0103, cu celule \u00eenchise, reticulate, conductive \u0219i spume disipative statice care, atunci c\u00e2nd sunt utilizate ca parte a unui plan al programului de control ESD, ajut\u0103 la reducerea apari\u021biei \u0219i a costului daunelor ESD.<br>Spumele neconductive cu celule \u00eenchise sunt ideale pentru o varietate de garnituri de etan\u0219are \u0219i anti-vibra\u021bii \u00eentr-o gam\u0103 larg\u0103 de instrumente \u0219i echipamente electrice, de la afi\u0219aje cu ecran plat la panouri solare BIPV.<\/p>\n\n\n\n<p><br>Materialele disipative conductive \u0219i statice <strong><strong>Plastazote\u00ae<\/strong><\/strong> pot fi t\u0103iate,  modelate, sudate, laminate \u0219i termoformate pentru a \u00eendeplini cerin\u021bele specifice de utilizare. Acestea prezint\u0103 o serie de propriet\u0103\u021bi benefice pentru industria electronic\u0103.<\/p>\n\n\n\n<div class=\"wp-block-image\"><figure class=\"alignleft size-large\"><img loading=\"lazy\" width=\"1000\" height=\"100\" src=\"https:\/\/www.4kservices.ro\/en\/wp-content\/uploads\/2021\/04\/Sanatate.png\" alt=\"\" class=\"wp-image-629\" srcset=\"https:\/\/www.4kservices.ro\/en\/wp-content\/uploads\/2021\/04\/Sanatate.png 1000w, https:\/\/www.4kservices.ro\/en\/wp-content\/uploads\/2021\/04\/Sanatate-300x30.png 300w, https:\/\/www.4kservices.ro\/en\/wp-content\/uploads\/2021\/04\/Sanatate-768x77.png 768w\" sizes=\"(max-width: 1000px) 100vw, 1000px\" \/><\/figure><\/div>\n\n\n\n<p><strong>Plastazote\u00ae<\/strong> este recunoscut ca fiind cel mai citat material termoplastic din literatura medical\u0103. Materialul este utilizat pe scar\u0103 larg\u0103 \u00eentr-o mare varietate de aplica\u021bii medicale \u0219i de \u00eengrijire a s\u0103n\u0103t\u0103\u021bii, dintre care multe implic\u0103 contactul direct cu pielea. <\/p>\n\n\n\n<p><br>F\u0103r\u0103 latex, netoxic \u0219i hipoalergenic, utilizarea spumelor <strong><strong>Plastazote\u00ae<\/strong><\/strong>  reduce iritarea pielii. Aceste spume sunt, de asemenea compatibile cu raze X, CT \u0219i RMN, ceea ce le face ideale pentru o gam\u0103 de aplica\u021bii precum atele sau supor\u021bi, dar \u0219i veste RMN.<\/p>\n\n\n\n<div class=\"wp-block-image\"><figure class=\"alignleft size-large\"><img loading=\"lazy\" width=\"1000\" height=\"100\" src=\"https:\/\/www.4kservices.ro\/en\/wp-content\/uploads\/2021\/04\/Constructii.png\" alt=\"\" class=\"wp-image-630\" srcset=\"https:\/\/www.4kservices.ro\/en\/wp-content\/uploads\/2021\/04\/Constructii.png 1000w, https:\/\/www.4kservices.ro\/en\/wp-content\/uploads\/2021\/04\/Constructii-300x30.png 300w, https:\/\/www.4kservices.ro\/en\/wp-content\/uploads\/2021\/04\/Constructii-768x77.png 768w\" sizes=\"(max-width: 1000px) 100vw, 1000px\" \/><\/figure><\/div>\n\n\n\n<p>Spumele <strong><strong>Plastazote\u00ae<\/strong><\/strong> au multe utiliz\u0103ri \u00een construc\u021bii fiind utilizate pentru etan\u0219are \u0219i izolare termic\u0103. Acestea sunt utilizate la fabricarea umpluturilor de strea\u0219in\u0103, unde durabilitatea, greutatea redus\u0103, durata lung\u0103 de via\u021b\u0103 \u0219i propriet\u0103\u021bile de etan\u0219are sunt primordiale.<\/p>\n\n\n\n<p><br>Spumele <strong><strong>Plastazote\u00ae<\/strong><\/strong> sunt, de asemenea, utilizate ca materiale de baz\u0103 pentru o varietate de panouri compozite folosite pentru pardoseli, structuri temporare \u0219i protec\u021bii temporare \u00eempotriva apei, unde greutatea redus\u0103, durabilitatea \u0219i propriet\u0103\u021bile de absorb\u021bie a impactului fac diferen\u021ba.<\/p>\n\n\n\n<div class=\"wp-block-image\"><figure class=\"alignleft size-large\"><img loading=\"lazy\" width=\"1000\" height=\"100\" src=\"https:\/\/www.4kservices.ro\/en\/wp-content\/uploads\/2021\/04\/Sport.png\" alt=\"\" class=\"wp-image-633\" srcset=\"https:\/\/www.4kservices.ro\/en\/wp-content\/uploads\/2021\/04\/Sport.png 1000w, https:\/\/www.4kservices.ro\/en\/wp-content\/uploads\/2021\/04\/Sport-300x30.png 300w, https:\/\/www.4kservices.ro\/en\/wp-content\/uploads\/2021\/04\/Sport-768x77.png 768w\" sizes=\"(max-width: 1000px) 100vw, 1000px\" \/><\/figure><\/div>\n\n\n\n<p>Spumele <strong><strong>Plastazote\u00ae<\/strong><\/strong> sunt probabil cele mai utilizate spume cu celule \u00eenchise din industria sportului \u0219i a timpului liber. Propriet\u0103\u021bile lor superioare \u0219i caracteristicile de performan\u021b\u0103 fac din spumele <strong><strong>Plastazote\u00ae<\/strong><\/strong> alegerea natural\u0103 pentru multe aplica\u021bii diferite \u0219i variate, de la plute pentru \u00eenot p\u00e2n\u0103 la orteze sportive; rucsacuri sau protec\u021bii de corp; de la pl\u0103cu\u021be de cricket la covora\u0219e de camping \u0219i de la c\u0103ptu\u0219eli de casc\u0103 la pl\u0103cu\u021be de ghidon. <\/p>\n\n\n\n<div class=\"wp-block-image\"><figure class=\"alignleft size-large\"><img loading=\"lazy\" width=\"1000\" height=\"100\" src=\"https:\/\/www.4kservices.ro\/en\/wp-content\/uploads\/2021\/04\/Industria-navala.png\" alt=\"\" class=\"wp-image-634\" srcset=\"https:\/\/www.4kservices.ro\/en\/wp-content\/uploads\/2021\/04\/Industria-navala.png 1000w, https:\/\/www.4kservices.ro\/en\/wp-content\/uploads\/2021\/04\/Industria-navala-300x30.png 300w, https:\/\/www.4kservices.ro\/en\/wp-content\/uploads\/2021\/04\/Industria-navala-768x77.png 768w\" sizes=\"(max-width: 1000px) 100vw, 1000px\" \/><\/figure><\/div>\n\n\n\n<p><strong><strong>Plastazote\u00ae<\/strong><\/strong> este cea mai u\u0219oar\u0103 spum\u0103 de polietilen\u0103 disponibil\u0103 cu densit\u0103\u021bi de p\u00e2n\u0103 la 15 kg \/ m3, f\u0103c\u00e2ndu-l deosebit de potrivit pentru a fi folosit ca formatori \u00een elementele de rigidizare a carenelor \u0219i \u0219nururi de b\u0103rci mari din FRP (plastic armat cu fibre) sau alte structuri.<\/p>\n\n\n\n<div class=\"wp-block-image\"><figure class=\"alignleft size-large\"><img loading=\"lazy\" width=\"1000\" height=\"100\" src=\"https:\/\/www.4kservices.ro\/en\/wp-content\/uploads\/2021\/04\/Prototipuri.png\" alt=\"\" class=\"wp-image-636\" srcset=\"https:\/\/www.4kservices.ro\/en\/wp-content\/uploads\/2021\/04\/Prototipuri.png 1000w, https:\/\/www.4kservices.ro\/en\/wp-content\/uploads\/2021\/04\/Prototipuri-300x30.png 300w, https:\/\/www.4kservices.ro\/en\/wp-content\/uploads\/2021\/04\/Prototipuri-768x77.png 768w\" sizes=\"(max-width: 1000px) 100vw, 1000px\" \/><\/figure><\/div>\n\n\n\n<p><strong><strong>Plastazote\u00ae<\/strong><\/strong> este utilizat pe scar\u0103 larg\u0103 ca material de prototipare datorit\u0103 durabilit\u0103\u021bii \u0219i u\u0219urin\u021bei de lucru. Poate fi laminat, sudat, t\u0103iat, t\u0103iat cu s\u00e2rm\u0103 fierbinte, prelucrat, modelat \u0219i \u0219lefuit \u0219i ofer\u0103 o suprafa\u021b\u0103 ideal\u0103 pentru acoperirea ulterioar\u0103.<\/p>\n","protected":false},"excerpt":{"rendered":"<p>Zotefoams 4K Services este unic importator \u0219i distribuitor al produselor Plastazote\u00ae de la Zotefoams \u00een Rom\u00e2nia. Zotefoams este unul din primii produc\u0103tori de materiale celulare, cu o istorie de peste 100 de ani \u0219i unul dintre cei mai mari produc\u0103tori, la nivel mondial, de spume u\u0219oare, reticulate, din poliolefine. Produsele \u0219i tehnologia Zotefoams se bazeaz\u0103 [&hellip;]<\/p>\n","protected":false},"author":1,"featured_media":0,"parent":0,"menu_order":0,"comment_status":"closed","ping_status":"closed","template":"template-fullwidth.php","meta":{"ngg_post_thumbnail":0},"_links":{"self":[{"href":"https:\/\/www.4kservices.ro\/en\/index.php?rest_route=\/wp\/v2\/pages\/595"}],"collection":[{"href":"https:\/\/www.4kservices.ro\/en\/index.php?rest_route=\/wp\/v2\/pages"}],"about":[{"href":"https:\/\/www.4kservices.ro\/en\/index.php?rest_route=\/wp\/v2\/types\/page"}],"author":[{"embeddable":true,"href":"https:\/\/www.4kservices.ro\/en\/index.php?rest_route=\/wp\/v2\/users\/1"}],"replies":[{"embeddable":true,"href":"https:\/\/www.4kservices.ro\/en\/index.php?rest_route=%2Fwp%2Fv2%2Fcomments&post=595"}],"version-history":[{"count":21,"href":"https:\/\/www.4kservices.ro\/en\/index.php?rest_route=\/wp\/v2\/pages\/595\/revisions"}],"predecessor-version":[{"id":646,"href":"https:\/\/www.4kservices.ro\/en\/index.php?rest_route=\/wp\/v2\/pages\/595\/revisions\/646"}],"wp:attachment":[{"href":"https:\/\/www.4kservices.ro\/en\/index.php?rest_route=%2Fwp%2Fv2%2Fmedia&parent=595"}],"curies":[{"name":"wp","href":"https:\/\/api.w.org\/{rel}","templated":true}]}}